{"id":3824,"date":"2025-11-20T13:53:17","date_gmt":"2025-11-20T12:53:17","guid":{"rendered":"https:\/\/grand-cerf.geek-tonic.dev\/juridische-informatie\/"},"modified":"2026-04-20T10:24:55","modified_gmt":"2026-04-20T08:24:55","slug":"juridische-informatie","status":"publish","type":"page","link":"https:\/\/grand-cerf.geek-tonic.dev\/nl\/juridische-informatie\/","title":{"rendered":"Juridische informatie"},"content":{"rendered":"\n<section class=\"wp-block-group alignwide page-one has-global-padding is-layout-constrained wp-container-core-group-is-layout-f4457c25 wp-block-group-is-layout-constrained\" style=\"margin-top:0rem;padding-top:0;padding-right:0px;padding-bottom:0;padding-left:0px\">\n<div style=\"height:30px\" aria-hidden=\"true\" class=\"wp-block-spacer gt-hide-mobile\"><\/div>\n\n\n\n<h1 class=\"wp-block-heading has-text-align-center has-contrast-color has-text-color has-link-color wp-elements-a643d2ba8c67075bc33bc7d939390c8f\" style=\"padding-bottom:var(--wp--preset--spacing--20);padding-left:0\">Juridische informatie<\/h1>\n\n\n\n<p>Deze Juridische informatie is van toepassing op het gebruik van de website Grand Cerf.geek-tonic.dev (hierna te noemen de WEBSITE), eigendom van SARL LA CHALEYSSINOISE (hierna te noemen de WEBSITE EIGENAAR).<\/p>\n\n\n\n<p>DE EIGENAAR VAN DE WEBSITE, in overeenstemming met Wet 34\/2002 van 11 juli, betreffende diensten van de informatiemaatschappij en elektronische handel, informeert u hierbij:<\/p>\n\n\n\n<ul style=\"padding-left:var(--wp--preset--spacing--30)\" class=\"wp-block-list\">\n<li>Publicatiemanager: Solon Roubin<\/li>\n\n\n\n<li>Bedrijfsnaam: SARL LA CHALEYSSINOISE<\/li>\n\n\n\n<li>Bedrijfsnaam: CAMPING LE Grand Cerf<\/li>\n\n\n\n<li>Sirenummer: 808352298<\/li>\n\n\n\n<li>BTW-NR.: FR64808352298<\/li>\n\n\n\n<li>De maatschappelijke zetel is gevestigd op: 3 IMPASSE DU Grand Cerf 26530LE GRAND SERRE, FRANKRIJK<\/li>\n\n\n\n<li>E.mail : contactresalegrandcerf@gmail.com<\/li>\n<\/ul>\n\n\n\n<p>Alle kennisgevingen en mededelingen tussen gebruikers en de WEBSITE-EIGENAAR worden voor alle doeleinden als geldig beschouwd wanneer ze per post of e-mail naar het hierboven vermelde adres worden verzonden.<\/p>\n\n\n\n<h2 class=\"wp-block-heading has-custom-color-1-color has-text-color has-link-color has-retcaro-font-family wp-elements-51c43c172cd7627b895aa2026fac9cad\" style=\"font-size:clamp(1.743rem, 1.743rem + ((1vw - 0.2rem) * 2.095), 3rem);line-height:1\">GEBRUIKERS<\/h2>\n\n\n\n<p>Toegang tot en\/of gebruik van de WEBSITE verleent de status van GEBRUIKER, die als gevolg van deze toegang en\/of dit gebruik de onderstaande algemene gebruiksvoorwaarden aanvaardt. De bovengenoemde voorwaarden moeten worden toegepast onafhankelijk van de Algemene Verkoopvoorwaarden die, in hun geval, verplicht zijn. <\/p>\n\n\n\n<h2 class=\"wp-block-heading has-custom-color-1-color has-text-color has-link-color has-retcaro-font-family wp-elements-6a9fdec9152834e25913b52bb794412e\" style=\"font-size:clamp(1.743rem, 1.743rem + ((1vw - 0.2rem) * 2.095), 3rem);line-height:1\">GEBRUIK VAN DE WEBSITE<\/h2>\n\n\n\n<p>De website en zijn diensten zijn vrij toegankelijk, maar de WEBSITE-EIGENAAR stelt het gebruik van sommige van de diensten die op zijn website worden aangeboden afhankelijk van de voorafgaande voltooiing van het overeenkomstige formulier om een WEBSITE-gebruiker te worden.<\/p>\n\n\n\n<p>De gebruiker garandeert de authenticiteit en actualiteit van alle aan de WEBSITE-EIGENAAR verstrekte gegevens en is als enige verantwoordelijk voor eventuele onjuiste of onnauwkeurige verklaringen.<\/p>\n\n\n\n<p>De gebruiker stemt er uitdrukkelijk mee in de inhoud en diensten van de WEBSITE-EIGENAAR op gepaste wijze te gebruiken en niet te gebruiken voor, onder andere:<\/p>\n\n\n\n<ul style=\"padding-left:var(--wp--preset--spacing--30)\" class=\"wp-block-list\">\n<li>Inhoud verspreiden die crimineel, gewelddadig, pornografisch, racistisch, xenofoob, aanstootgevend, voorstander van terrorisme of, in het algemeen, in strijd met de wet of de openbare orde is.<\/li>\n\n\n\n<li>Computervirussen in het netwerk te introduceren of handelingen uit te voeren die de elektronische documenten, gegevens of fysieke en logische systemen van de WEBSITE-EIGENAAR of van een derde kunnen wijzigen, modificeren, onderbreken of fouten of schade kunnen veroorzaken; of andere gebruikers de toegang tot de website en zijn diensten te ontzeggen door het massale gebruik van computerbronnen waarmee de WEBSITE-EIGENAAR zijn diensten levert.<\/li>\n\n\n\n<li>Proberen toegang te krijgen tot e-mailaccounts van andere gebruikers of tot afgeschermde delen van de computersystemen van de WEBSITE EIGENAAR of een derde partij en, indien van toepassing, informatie daaruit halen.<\/li>\n\n\n\n<li>De intellectuele of industri\u00eble eigendomsrechten schenden of de vertrouwelijkheid van de informatie van de WEBSITE EIGENAAR of een derde partij schenden.<\/li>\n\n\n\n<li>Zich voordoen als andere gebruikers, overheidsinstanties of derden.<\/li>\n\n\n\n<li>de inhoud te reproduceren, kopi\u00ebren, distribueren, beschikbaar te stellen of openbaar te maken, transformeren of wijzigen, tenzij hiervoor toestemming is verleend door de houder van de betreffende rechten of tenzij dit wettelijk is toegestaan.<\/li>\n\n\n\n<li>Gegevens verzamelen voor reclamedoeleinden en reclame van welke aard dan ook en commerci\u00eble of andere berichten sturen zonder voorafgaande toestemming.<\/li>\n<\/ul>\n\n\n\n<h2 class=\"wp-block-heading has-custom-color-1-color has-text-color has-link-color has-retcaro-font-family wp-elements-699dc2ba500620cff975aafc06a751de\" style=\"font-size:clamp(1.743rem, 1.743rem + ((1vw - 0.2rem) * 2.095), 3rem);line-height:1\">INTELLECTUEEL EN INDUSTRIEEL EIGENDOM<\/h2>\n\n\n\n<p>Krachtens de bepalingen van de huidige wetgeving inzake intellectueel eigendom is de reproductie, verspreiding en openbare mededeling (met inbegrip van de wijze van terbeschikkingstelling) van het geheel of een deel van de inhoud, zoals tekst, foto&#8217;s, grafieken, beelden, pictogrammen, technologie, software, evenals de grafische voorstellingen en broncodes, voor commerci\u00eble doeleinden, op elk medium en met elk technisch middel, uitdrukkelijk verboden zonder toestemming van de WEBSITE-EIGENAAR.<br\/>De volledige inhoud van de Website is eigendom van de EIGENAAR VAN DE WEBSITE en de gebruiker kan niet worden geacht hierop exploitatierechten te hebben verkregen, behalve wat strikt noodzakelijk is voor het correcte gebruik van de Website.<\/p>\n\n\n\n<p>Uiteindelijk mogen Gebruikers die toegang krijgen tot deze Website de inhoud raadplegen en, indien van toepassing, toegestane priv\u00e9kopie\u00ebn maken, op voorwaarde dat de gereproduceerde elementen vervolgens niet worden overgedragen aan derden, niet worden ge\u00efnstalleerd op servers die verbonden zijn met netwerken of niet worden gebruikt voor enige vorm van commerci\u00eble exploitatie.<\/p>\n\n\n\n<p>Bovendien zijn alle handelsmerken, handelsnamen of onderscheidende tekens van welke aard dan ook die op de Website staan eigendom van de EIGENAAR VAN DE WEBSITE, zonder dat kan worden aangenomen dat het gebruik ervan of de toegang ertoe de gebruiker enig recht daarop verleent.<\/p>\n\n\n\n<h2 class=\"wp-block-heading has-custom-color-1-color has-text-color has-link-color has-retcaro-font-family wp-elements-1c22ff08d30a7245b0de27cfb477c074\" style=\"font-size:clamp(1.743rem, 1.743rem + ((1vw - 0.2rem) * 2.095), 3rem);line-height:1\">UITSLUITING VAN GARANTIES EN AANSPRAKELIJKHEID<\/h2>\n\n\n\n<p>De inhoud van deze website is van algemene aard en dient uitsluitend ter informatie, zonder enige garantie dat alle inhoud toegankelijk, volledig, nauwkeurig, geldig of up-to-date is, of dat deze relevant of nuttig is voor een specifiek doel.<\/p>\n\n\n\n<p>De WEBSITE-EIGENAAR sluit, voor zover wettelijk toegestaan, alle aansprakelijkheid uit voor schade of verlies voortvloeiend uit:<\/p>\n\n\n\n<ul style=\"padding-left:var(--wp--preset--spacing--30)\" class=\"wp-block-list\">\n<li>De onmogelijkheid om toegang te krijgen tot de Website of het gebrek aan waarheidsgetrouwheid, nauwkeurigheid, volledigheid en\/of actualiteit van de inhoud, evenals het bestaan van fouten en defecten van welke aard dan ook in de inhoud die via de Website of de aangeboden diensten wordt verzonden, verspreid, opgeslagen, beschikbaar gesteld of toegankelijk gemaakt.<\/li>\n\n\n\n<li>De aanwezigheid van virussen of andere elementen in de inhoud die wijzigingen kunnen veroorzaken in computersystemen, elektronische documenten of gegevens van Gebruikers.<\/li>\n\n\n\n<li>Niet-naleving van de wet, goede trouw, openbare orde, verkeersgebruiken en deze wettelijke vermeldingen als gevolg van oneigenlijk gebruik van de site. In het bijzonder, en bij wijze van voorbeeld, is de WEBSITE EIGENAAR niet verantwoordelijk voor de handelingen van derden die inbreuk maken op intellectuele en industri\u00eble eigendomsrechten, bedrijfsgeheimen, het recht op eer, priv\u00e9- en familieleven en persoonlijk imago, evenals de regelgeving inzake oneerlijke concurrentie en illegale reclame. <\/li>\n<\/ul>\n\n\n\n<h2 class=\"wp-block-heading has-custom-color-1-color has-text-color has-link-color has-retcaro-font-family wp-elements-622fc2b21c899174796cc78e9c802bed\" style=\"font-size:clamp(1.743rem, 1.743rem + ((1vw - 0.2rem) * 2.095), 3rem);line-height:1\">WIJZIGING VAN DEZE JURIDISCHE INFORMATIE<\/h2>\n\n\n\n<p>De WEBSITE-EIGENAAR kan de hierin gespecificeerde voorwaarden te allen tijde naar eigen goeddunken wijzigen door updates en\/of wijzigingen naar behoren op zijn website te publiceren.  <br\/>Deze voorwaarden zijn geldig gedurende de periode waarin ze zijn gepubliceerd en totdat ze zijn gewijzigd of vervangen door andere naar behoren gepubliceerde voorwaarden.<\/p>\n\n\n\n<h2 class=\"wp-block-heading has-custom-color-1-color has-text-color has-link-color has-retcaro-font-family wp-elements-bda6310db2bae54d78616ae1da67f902\" style=\"font-size:clamp(1.743rem, 1.743rem + ((1vw - 0.2rem) * 2.095), 3rem);line-height:1\">LINKS<\/h2>\n\n\n\n<p>De WEBSITE EIGENAAR wijst alle verantwoordelijkheid af voor informatie die buiten deze website wordt gevonden en die niet rechtstreeks door onze webmaster wordt beheerd. De functie van de links op deze website is uitsluitend om de gebruiker te informeren over het bestaan van andere bronnen die de inhoud van deze website kunnen uitbreiden.   <br\/>De WEBSITE EIGENAAR geeft geen garantie en is niet verantwoordelijk voor de werking of toegankelijkheid van gelinkte sites. De WEBSITE EIGENAAR suggereert, nodigt niet uit of beveelt niet aan om deze sites te bezoeken en is daarom niet verantwoordelijk voor de verkregen resultaten. De WEBSITE EIGENAAR is niet verantwoordelijk voor de creatie van hyperlinks door derden.  <\/p>\n\n\n\n<h2 class=\"wp-block-heading has-custom-color-1-color has-text-color has-link-color has-retcaro-font-family wp-elements-4e203b6e85f9b128a8c07aa3fa184faf\" style=\"font-size:clamp(1.743rem, 1.743rem + ((1vw - 0.2rem) * 2.095), 3rem);line-height:1\">RECHT OP UITSLUITING<\/h2>\n\n\n\n<p>De WEBSITE EIGENAAR behoudt zich het recht voor om zonder voorafgaande kennisgeving, op eigen verzoek of op verzoek van een derde, de toegang tot het portaal en\/of de aangeboden diensten te weigeren of in te trekken aan gebruikers die zich niet houden aan deze algemene gebruiksvoorwaarden van de WEBSITE.<\/p>\n\n\n\n<h2 class=\"wp-block-heading has-custom-color-1-color has-text-color has-link-color has-retcaro-font-family wp-elements-0376a14743a185f3c830c4bbde4689d4\" style=\"font-size:clamp(1.743rem, 1.743rem + ((1vw - 0.2rem) * 2.095), 3rem);line-height:1\">ALGEMEEN<\/h2>\n\n\n\n<p>In het geval dat een Gebruiker of een derde partij van mening is dat er feiten of omstandigheden zijn die de illegale aard van het gebruik van enige inhoud en\/of het uitvoeren van enige activiteit op de WEBSITE van de EIGENAAR, ge\u00efntegreerd of toegankelijk via de Website, onthullen, moeten zij een kennisgeving sturen naar de EIGENAAR VAN DE WEBSITE, waarbij zij zichzelf naar behoren identificeren, de vermoedelijke overtredingen specificeren en uitdrukkelijk onder hun verantwoordelijkheid aangeven dat de in de kennisgeving verstrekte informatie juist is.<\/p>\n\n\n\n<h2 class=\"wp-block-heading has-custom-color-1-color has-text-color has-link-color has-retcaro-font-family wp-elements-250ef6d5de1105e20028eb731630e84d\" style=\"font-size:clamp(1.743rem, 1.743rem + ((1vw - 0.2rem) * 2.095), 3rem);line-height:1\">PUBLICATIES<\/h2>\n\n\n\n<p>De administratieve informatie op de Website vervangt niet de wettelijke publicatie van wetten, reglementen, plannen, algemene bepalingen en akten die officieel moeten worden gepubliceerd in de staatsbladen, die het enige instrument vormen dat de authenticiteit en de inhoud ervan bevestigt. De informatie op deze website moet worden gezien als een leidraad. <\/p>\n\n\n\n<h2 class=\"wp-block-heading has-custom-color-1-color has-text-color has-link-color has-retcaro-font-family wp-elements-de6d85e673a2afcf60dd1feba7ceae15\" style=\"font-size:clamp(1.743rem, 1.743rem + ((1vw - 0.2rem) * 2.095), 3rem);line-height:1\">TOEPASSELIJK RECHT EN JURISDICTIE<\/h2>\n\n\n\n<p>Deze voorwaarden worden beheerst door of ge\u00efnterpreteerd in overeenstemming met de Franse wet in gebieden die niet uitdrukkelijk zijn vermeld. De WEBSITE-EIGENAAR en de gebruiker stemmen ermee in om geschillen die kunnen voortvloeien uit de levering van producten of diensten waarop deze voorwaarden van toepassing zijn, voor te leggen aan de rechtbanken van de woonplaats van de gebruiker. <\/p>\n\n\n\n<p>In het geval dat de gebruiker buiten Frankrijk gedomicilieerd is, zien de WEBSITE EIGENAAR en de gebruiker uitdrukkelijk af van elke andere jurisdictie en onderwerpen zij zich aan de rechtbanken van de woonplaats van de WEBSITE EIGENAAR.<\/p>\n\n\n\n<h2 class=\"wp-block-heading has-custom-color-1-color has-text-color has-link-color has-retcaro-font-family wp-elements-7a99c227241918e07683c60dd91c78be\" style=\"font-size:clamp(1.743rem, 1.743rem + ((1vw - 0.2rem) * 2.095), 3rem);line-height:1\">MEDIATOR<\/h2>\n\n\n\n<p>CM2C <br\/>14 rue Saint Jean <br\/>75017 Parijs <br\/>@ : cm2c@cm2c.net <br\/><a href=\"https:\/\/cm2c.net\/comment-nous-saisir.php\" target=\"_blank\" rel=\"noreferrer noopener nofollow\">https:\/\/cm2c.net\/comment-nous-saisir.php<\/a><\/p>\n\n\n\n<h2 class=\"wp-block-heading has-custom-color-1-color has-text-color has-link-color has-retcaro-font-family wp-elements-df7b120e95bf12dfb0564de82685470d\" style=\"font-size:clamp(1.743rem, 1.743rem + ((1vw - 0.2rem) * 2.095), 3rem);line-height:1\">Geregisseerd door<\/h2>\n\n\n\n<p><strong>GEEK TONIC<\/strong> Vertegenwoordigd door de heer Yohan Darmayan in zijn hoedanigheid van Manager <br\/>Maatschappelijke zetel: 16 chemin de Sabalce 64100 Bayonne<br\/>Tel: <a href=\"https:\/\/www.google.com\/search?q=geek+tonic&amp;sxsrf=ALiCzsb97zG2dngu-WqfTOdPG_O6pmDSPQ%3A1665557722642&amp;ei=2mRGY-_0JorhlwS4vpuoCA&amp;ved=0ahUKEwjvyaSDjtr6AhWK8IUKHTjfBoUQ4dUDCA4&amp;uact=5&amp;oq=geek+tonic&amp;gs_lcp=Cgdnd3Mtd2l6EAMyBAgjECcyCgguEMcBEK8BECcyBggAEBYQHjIGCAAQFhAeMgIIJjoKCAAQRxDWBBCwAzoNCAAQ5AIQ1gQQsAMYAToICAAQFhAeEA86CAgAEBYQHhAKOgUIABCABDoLCC4QgAQQxwEQ0QM6CggAEIAEEIcCEBQ6CggAEIAEEAoQywFKBAhNGAFKBAhBGABKBAhGGAFQ4wtYgh1gkyBoAnABeACAAawBiAHRBJIBAzUuMZgBAKABAcgBDcABAdoBBggBEAEYCQ&amp;sclient=gws-wiz#\">05 32 74 11 52<\/a> <br\/>E-mail: support@geek-tonic.com <br\/>Website: <a href=\"https:\/\/www.geek-tonic.com\/\" target=\"_blank\" rel=\"noreferrer noopener nofollow\">www.geek-tonic.com<\/a> <br\/>SIRET: 89746755100015<br\/>APE: 6201Z<\/p>\n\n\n\n<div style=\"height:100px\" aria-hidden=\"true\" class=\"wp-block-spacer gt-hide-mobile\"><\/div>\n<\/section>\n","protected":false},"excerpt":{"rendered":"<p>Juridische informatie Deze Juridische informatie is van toepassing op het gebruik van de website Grand Cerf.geek-tonic.dev (hierna te noemen de WEBSITE), eigendom van SARL LA CHALEYSSINOISE (hierna te noemen de WEBSITE EIGENAAR). DE EIGENAAR VAN DE WEBSITE, in overeenstemming met Wet 34\/2002 van 11 juli, betreffende diensten van de informatiemaatschappij en elektronische handel, informeert u [&hellip;]<\/p>\n","protected":false},"author":1,"featured_media":3825,"parent":0,"menu_order":0,"comment_status":"closed","ping_status":"closed","template":"","meta":{"_seopress_robots_primary_cat":"","_seopress_titles_title":"Juridische informatie","_seopress_titles_desc":"","_seopress_robots_index":"yes","_gt_ctv_global_id":"","_gt_ctv_id_group":false,"inline_featured_image":false,"gt_fse_maillage_image":"https:\/\/grand-cerf.geek-tonic.dev\/wp-content\/uploads\/2026\/04\/mentions-legales-camping-grand-cerf.jpg","gt_fse_maillage_titre":"Juridische informatie","gt_fse_maillage_alt":"juridische informatie camping grand cerf","gt_fse_maillage_resume":"","footnotes":""},"categories":[],"tags":[],"class_list":["post-3824","page","type-page","status-publish","has-post-thumbnail","hentry"],"_links":{"self":[{"href":"https:\/\/grand-cerf.geek-tonic.dev\/nl\/wp-json\/wp\/v2\/pages\/3824","targetHints":{"allow":["GET"]}}],"collection":[{"href":"https:\/\/grand-cerf.geek-tonic.dev\/nl\/wp-json\/wp\/v2\/pages"}],"about":[{"href":"https:\/\/grand-cerf.geek-tonic.dev\/nl\/wp-json\/wp\/v2\/types\/page"}],"author":[{"embeddable":true,"href":"https:\/\/grand-cerf.geek-tonic.dev\/nl\/wp-json\/wp\/v2\/users\/1"}],"replies":[{"embeddable":true,"href":"https:\/\/grand-cerf.geek-tonic.dev\/nl\/wp-json\/wp\/v2\/comments?post=3824"}],"version-history":[{"count":3,"href":"https:\/\/grand-cerf.geek-tonic.dev\/nl\/wp-json\/wp\/v2\/pages\/3824\/revisions"}],"predecessor-version":[{"id":4377,"href":"https:\/\/grand-cerf.geek-tonic.dev\/nl\/wp-json\/wp\/v2\/pages\/3824\/revisions\/4377"}],"wp:featuredmedia":[{"embeddable":true,"href":"https:\/\/grand-cerf.geek-tonic.dev\/nl\/wp-json\/wp\/v2\/media\/3825"}],"wp:attachment":[{"href":"https:\/\/grand-cerf.geek-tonic.dev\/nl\/wp-json\/wp\/v2\/media?parent=3824"}],"wp:term":[{"taxonomy":"category","embeddable":true,"href":"https:\/\/grand-cerf.geek-tonic.dev\/nl\/wp-json\/wp\/v2\/categories?post=3824"},{"taxonomy":"post_tag","embeddable":true,"href":"https:\/\/grand-cerf.geek-tonic.dev\/nl\/wp-json\/wp\/v2\/tags?post=3824"}],"curies":[{"name":"wp","href":"https:\/\/api.w.org\/{rel}","templated":true}]}}