{"id":3805,"date":"2025-11-20T13:53:17","date_gmt":"2025-11-20T12:53:17","guid":{"rendered":"https:\/\/grand-cerf.geek-tonic.dev\/rechtliche-hinweise\/"},"modified":"2026-04-20T10:26:12","modified_gmt":"2026-04-20T08:26:12","slug":"impressum","status":"publish","type":"page","link":"https:\/\/grand-cerf.geek-tonic.dev\/de\/impressum\/","title":{"rendered":"Impressum"},"content":{"rendered":"\n<section class=\"wp-block-group alignwide page-one has-global-padding is-layout-constrained wp-container-core-group-is-layout-f4457c25 wp-block-group-is-layout-constrained\" style=\"margin-top:0rem;padding-top:0;padding-right:0px;padding-bottom:0;padding-left:0px\">\n<div style=\"height:30px\" aria-hidden=\"true\" class=\"wp-block-spacer gt-hide-mobile\"><\/div>\n\n\n\n<h1 class=\"wp-block-heading has-text-align-center has-contrast-color has-text-color has-link-color wp-elements-848cf19461201e9deaf4b6c80d07c8b9\" style=\"padding-bottom:var(--wp--preset--spacing--20);padding-left:0\">Impressum<\/h1>\n\n\n\n<p>Dieses Impressum regelt die Nutzung der Website grand-cerf.geek-tonic.dev (im Folgenden: WEBSITE), die Eigentum von SARL LA CHALEYSSINOISE (im Folgenden: EIGENT\u00dcMER DER WEBSITE) ist.<\/p>\n\n\n\n<p>DER EIGENT\u00dcMER DER WEBSITE, in \u00dcbereinstimmung mit dem Gesetz 34\/2002 vom 11. Juli \u00fcber Dienstleistungen der Gesellschaft, Information und elektronischen Handel, informiert Sie \u00fcber Folgendes:<\/p>\n\n\n\n<ul style=\"padding-left:var(--wp--preset--spacing--30)\" class=\"wp-block-list\">\n<li>Verantwortlich f\u00fcr die Ver\u00f6ffentlichung: Solon Roubin<\/li>\n\n\n\n<li>Firma: SARL LA CHALEYSSINOISE<\/li>\n\n\n\n<li>Name des Unternehmens: CAMPING LE GRAND CERF<\/li>\n\n\n\n<li>SIREN-Nr.: 808352298<\/li>\n\n\n\n<li>MWST.-NR.: FR64808352298<\/li>\n\n\n\n<li>Der Hauptsitz befindet sich in: 3 IMPASSE DU GRAND CERF 26530LE GRAND SERRE, FRANCE<\/li>\n\n\n\n<li>E.mail: contactresalegrandcerf@gmail.com<\/li>\n<\/ul>\n\n\n\n<p>Alle Mitteilungen und Kommunikationen zwischen den Nutzern und dem EIGENT\u00dcMER DER WEBSITE werden f\u00fcr alle Zwecke als g\u00fcltig angesehen, wenn sie per Post oder E-Mail an die oben angegebene Adresse erfolgen.<\/p>\n\n\n\n<h2 class=\"wp-block-heading has-custom-color-1-color has-text-color has-link-color has-retcaro-font-family wp-elements-7caeb2a10635d77d949d989b58774a02\" style=\"font-size:clamp(1.743rem, 1.743rem + ((1vw - 0.2rem) * 2.095), 3rem);line-height:1\">NUTZER<\/h2>\n\n\n\n<p>Durch den Zugang und\/oder die Nutzung der WEBSITE wird der Status eines BENUTZERS zuerkannt, der durch diesen Zugang und\/oder diese Nutzung die nachstehenden Allgemeinen Nutzungsbedingungen akzeptiert. Die vorgenannten Bedingungen gelten unabh\u00e4ngig von den Allgemeinen Gesch\u00e4ftsbedingungen, die in ihrem Fall verbindlich sind. <\/p>\n\n\n\n<h2 class=\"wp-block-heading has-custom-color-1-color has-text-color has-link-color has-retcaro-font-family wp-elements-8da5c1493316ce463982d345c9f5d1b0\" style=\"font-size:clamp(1.743rem, 1.743rem + ((1vw - 0.2rem) * 2.095), 3rem);line-height:1\">NUTZUNG DER WEBSITE<\/h2>\n\n\n\n<p>Die Website und ihre Dienste sind frei zug\u00e4nglich und kostenlos, jedoch macht der EIGENT\u00dcMER DER WEBSITE die Nutzung bestimmter Dienste, die auf seiner Website angeboten werden, von der vorherigen Eingabe des entsprechenden Formulars abh\u00e4ngig, um ein Benutzer der WEBSITE zu werden.<\/p>\n\n\n\n<p>Der Nutzer garantiert die Echtheit und Aktualit\u00e4t aller Daten, die er dem EIGENT\u00dcMER DER WEBSITE zur Verf\u00fcgung stellt, und ist allein verantwortlich f\u00fcr falsche oder ungenaue Angaben.<\/p>\n\n\n\n<p>Der Nutzer erkl\u00e4rt sich ausdr\u00fccklich damit einverstanden, die Inhalte und Dienste des WEBSITE-EIGENT\u00dcMERS angemessen zu nutzen und sie nicht zu nutzen, um unter anderem:<\/p>\n\n\n\n<ul style=\"padding-left:var(--wp--preset--spacing--30)\" class=\"wp-block-list\">\n<li>Inhalte zu verbreiten, die strafbar, gewaltt\u00e4tig, pornografisch, rassistisch, fremdenfeindlich, beleidigend, terroristisch sind oder allgemein gegen das Gesetz oder die \u00f6ffentliche Ordnung versto\u00dfen.<\/li>\n\n\n\n<li>Einschleusen von Computerviren in das Netzwerk oder Durchf\u00fchrung von Handlungen, die geeignet sind, elektronische Dokumente, Daten oder physische und logische Systeme des WEBSEITENEIGENT\u00dcMERS oder Dritter zu ver\u00e4ndern, zu modifizieren, zu unterbrechen oder Fehler oder Sch\u00e4den zu verursachen, sowie andere Benutzer daran zu hindern, auf die Webseite und ihre Dienstleistungen zuzugreifen, indem sie massiv Computerressourcen verbrauchen, \u00fcber die der WEBSEITENEIGENT\u00dcMER seine Dienstleistungen anbietet.<\/li>\n\n\n\n<li>Versuchen Sie, sich Zugang zu den E-Mail-Konten anderer Nutzer oder zu zugangsbeschr\u00e4nkten Bereichen der Computersysteme des EIGENT\u00dcMERS DER WEBSITE oder eines Dritten zu verschaffen und ggf. Informationen zu entnehmen.<\/li>\n\n\n\n<li>die Rechte an geistigem oder gewerblichem Eigentum verletzen oder die Vertraulichkeit der Informationen des EIGENT\u00dcMERS DER WEBSITE oder eines Dritten verletzen.<\/li>\n\n\n\n<li>Die Identit\u00e4t eines anderen Nutzers, einer \u00f6ffentlichen Beh\u00f6rde oder einer dritten Partei anzunehmen.<\/li>\n\n\n\n<li>die Inhalte zu reproduzieren, zu kopieren, zu verteilen, zur Verf\u00fcgung zu stellen oder \u00f6ffentlich zu kommunizieren, umzuwandeln oder zu modifizieren, es sei denn, er hat die Genehmigung des Inhabers der entsprechenden Rechte oder es ist gesetzlich erlaubt.<\/li>\n\n\n\n<li>Daten zu Werbezwecken zu sammeln und Werbung jeglicher Art und kommerzielle oder andere Mitteilungen zu versenden, ohne vorher die Genehmigung daf\u00fcr eingeholt zu haben.<\/li>\n<\/ul>\n\n\n\n<h2 class=\"wp-block-heading has-custom-color-1-color has-text-color has-link-color has-retcaro-font-family wp-elements-8e22f38b34dbe720ee4ab2614cbeec1a\" style=\"font-size:clamp(1.743rem, 1.743rem + ((1vw - 0.2rem) * 2.095), 3rem);line-height:1\">GEISTIGES UND GEWERBLICHES EIGENTUM<\/h2>\n\n\n\n<p>Gem\u00e4\u00df den Bestimmungen der geltenden Gesetzgebung zum geistigen Eigentum ist die Vervielf\u00e4ltigung, Verbreitung und \u00f6ffentliche Wiedergabe (einschlie\u00dflich der Art der Bereitstellung) des gesamten Inhalts oder eines Teils davon, wie z.B. Texte, Fotografien, Grafiken, Bilder, Icons, Technologie, Software, sowie deren Grafiken und Quellcodes, f\u00fcr kommerzielle Zwecke, auf jedem Medium und mit jedem technischen Mittel ohne die Genehmigung des EIGENT\u00dcMERS der Website ausdr\u00fccklich verboten.<br \/>Alle Inhalte der Website sind Eigentum des EIGENT\u00dcMERS der Website, ohne dass dem Nutzer irgendwelche Nutzungsrechte an diesen Inhalten \u00fcbertragen werden, die \u00fcber das f\u00fcr die korrekte Nutzung der Website erforderliche Ma\u00df hinausgehen.<\/p>\n\n\n\n<p>Nutzer, die auf diese Website zugreifen, k\u00f6nnen den Inhalt ansehen und gegebenenfalls erlaubte Privatkopien anfertigen, vorausgesetzt, dass das reproduzierte Material nicht an Dritte weitergeleitet, auf Servern mit Netzwerkverbindung installiert oder in irgendeiner Weise kommerziell genutzt wird.<\/p>\n\n\n\n<p>Dar\u00fcber hinaus sind alle Marken, Handelsnamen oder Unterscheidungszeichen jeglicher Art, die auf der Website erscheinen, Eigentum des EIGENT\u00dcMERS DER WEBSITE, ohne dass davon ausgegangen werden kann, dass die Nutzung oder der Zugriff auf die Website dem Nutzer irgendwelche Rechte an ihnen einr\u00e4umt.<\/p>\n\n\n\n<h2 class=\"wp-block-heading has-custom-color-1-color has-text-color has-link-color has-retcaro-font-family wp-elements-9ee22435dd7bf046adf9c1d4b91f2560\" style=\"font-size:clamp(1.743rem, 1.743rem + ((1vw - 0.2rem) * 2.095), 3rem);line-height:1\">AUSSCHLUSS VON GARANTIEN UND HAFTUNG<\/h2>\n\n\n\n<p>Der Inhalt dieser Website ist allgemeiner Natur und dient nur zu Informationszwecken, ohne dass der Zugang zu allen Inhalten, ihre Vollst\u00e4ndigkeit, Genauigkeit, G\u00fcltigkeit oder Aktualisierung oder ihre Eignung oder N\u00fctzlichkeit f\u00fcr einen bestimmten Zweck vollst\u00e4ndig garantiert wird.<\/p>\n\n\n\n<p>Der EIGENT\u00dcMER DER WEBSITE schlie\u00dft im gr\u00f6\u00dftm\u00f6glichen gesetzlich zul\u00e4ssigen Umfang jegliche Haftung f\u00fcr Sch\u00e4den und Beeintr\u00e4chtigungen aus, die sich ergeben aus:<\/p>\n\n\n\n<ul style=\"padding-left:var(--wp--preset--spacing--30)\" class=\"wp-block-list\">\n<li>Die Unm\u00f6glichkeit, auf die Website zuzugreifen, oder der Mangel an Wahrheit, Genauigkeit, Vollst\u00e4ndigkeit und\/oder Aktualit\u00e4t der Inhalte sowie das Vorhandensein von M\u00e4ngeln und Defekten jeglicher Art in den \u00fcber die Website \u00fcbertragenen, verbreiteten, gespeicherten, zur Verf\u00fcgung gestellten, zug\u00e4nglich gemachten oder \u00fcber die Website oder die angebotenen Dienstleistungen abgerufenen Inhalten.<\/li>\n\n\n\n<li>Das Vorhandensein von Viren oder anderen Elementen in den Inhalten, die zu Ver\u00e4nderungen in den Computersystemen, elektronischen Dokumenten oder Daten der Nutzer f\u00fchren k\u00f6nnen.<\/li>\n\n\n\n<li>Die Nichteinhaltung der Gesetze, des guten Glaubens, der \u00f6ffentlichen Ordnung, der Verkehrsgepflogenheiten und dieses Impressums infolge einer missbr\u00e4uchlichen Nutzung der Website. Insbesondere und als Beispiel haftet der EIGENT\u00dcMER DER WEBSITE nicht f\u00fcr Handlungen Dritter, die geistige und gewerbliche Eigentumsrechte, Gesch\u00e4ftsgeheimnisse, Rechte auf Ehre, Privat- und Familienleben und das pers\u00f6nliche Image verletzen, sowie f\u00fcr die Vorschriften \u00fcber unlauteren Wettbewerb und unerlaubte Werbung. <\/li>\n<\/ul>\n\n\n\n<h2 class=\"wp-block-heading has-custom-color-1-color has-text-color has-link-color has-retcaro-font-family wp-elements-1381d57663cdc6ddae497dfeee360481\" style=\"font-size:clamp(1.743rem, 1.743rem + ((1vw - 0.2rem) * 2.095), 3rem);line-height:1\">\u00c4NDERUNG DIESES IMPRESSUMS<\/h2>\n\n\n\n<p>Der EIGENT\u00dcMER DER WEBSITE kann die vorliegenden Bedingungen jederzeit nach eigenem Ermessen \u00e4ndern, indem er Aktualisierungen und\/oder \u00c4nderungen ordnungsgem\u00e4\u00df auf seiner Website ver\u00f6ffentlicht.  <br \/>Diese Bedingungen gelten f\u00fcr den Zeitraum ihrer Ver\u00f6ffentlichung und bis sie durch andere, ordnungsgem\u00e4\u00df ver\u00f6ffentlichte Bedingungen ge\u00e4ndert oder ersetzt werden.<\/p>\n\n\n\n<h2 class=\"wp-block-heading has-custom-color-1-color has-text-color has-link-color has-retcaro-font-family wp-elements-bda6310db2bae54d78616ae1da67f902\" style=\"font-size:clamp(1.743rem, 1.743rem + ((1vw - 0.2rem) * 2.095), 3rem);line-height:1\">LINKS<\/h2>\n\n\n\n<p>Der EIGENT\u00dcMER DER WEBSITE \u00fcbernimmt keine Verantwortung f\u00fcr Informationen, die sich au\u00dferhalb dieser Website befinden und die nicht direkt von unserem Webmaster verwaltet werden. Die Funktion der Links, die auf dieser Website erscheinen, dient ausschlie\u00dflich dazu, den Nutzer \u00fcber die Existenz anderer Quellen zu informieren, die die auf dieser Website angebotenen Inhalte erweitern k\u00f6nnen.   <br \/>Der EIGENT\u00dcMER DER WEBSITE garantiert nicht und ist nicht verantwortlich f\u00fcr das Funktionieren oder die Zug\u00e4nglichkeit der verlinkten Seiten. Er schl\u00e4gt nicht vor, fordert auf oder empfiehlt den Besuch dieser Websites und ist daher nicht f\u00fcr das Ergebnis verantwortlich. Der EIGENT\u00dcMER DER WEBSITE ist nicht verantwortlich f\u00fcr die Einrichtung von Hyperlinks durch Dritte.  <\/p>\n\n\n\n<h2 class=\"wp-block-heading has-custom-color-1-color has-text-color has-link-color has-retcaro-font-family wp-elements-8af626950b0519a5aba9b8d9aa878524\" style=\"font-size:clamp(1.743rem, 1.743rem + ((1vw - 0.2rem) * 2.095), 3rem);line-height:1\">AUSSCHLUSSRECHT<\/h2>\n\n\n\n<p>Der EIGENT\u00dcMER DER WEBSITE beh\u00e4lt sich das Recht vor, den Zugang zum Portal und\/oder den angebotenen Diensten ohne vorherige Ank\u00fcndigung, auf eigenen Wunsch oder auf Wunsch eines Dritten, den Nutzern zu verweigern oder zu entziehen, die diese Allgemeinen Gesch\u00e4ftsbedingungen f\u00fcr die Nutzung der WEBSITE nicht einhalten.<\/p>\n\n\n\n<h2 class=\"wp-block-heading has-custom-color-1-color has-text-color has-link-color has-retcaro-font-family wp-elements-260128649880e2415c01a90534ba05c9\" style=\"font-size:clamp(1.743rem, 1.743rem + ((1vw - 0.2rem) * 2.095), 3rem);line-height:1\">GENERAL<\/h2>\n\n\n\n<p>Falls ein Nutzer oder ein Dritter der Meinung ist, dass Tatsachen oder Umst\u00e4nde vorliegen, die auf die Rechtswidrigkeit der Nutzung von Inhalten und\/oder der Durchf\u00fchrung von Aktivit\u00e4ten auf den WEBSITES des EIGENT\u00dcMERS hinweisen, die in die WEBSITE integriert sind oder \u00fcber die WEBSITE zug\u00e4nglich sind, muss der Nutzer eine Mitteilung an den EIGENT\u00dcMER der WEBSITE senden, sich ordnungsgem\u00e4\u00df identifizieren, die mutma\u00dflichen Rechtsverletzungen angeben und ausdr\u00fccklich und auf eigene Verantwortung darauf hinweisen, dass die in der Mitteilung gemachten Angaben korrekt sind.<\/p>\n\n\n\n<h2 class=\"wp-block-heading has-custom-color-1-color has-text-color has-link-color has-retcaro-font-family wp-elements-ca3381c10def807822a12e9ed01d1326\" style=\"font-size:clamp(1.743rem, 1.743rem + ((1vw - 0.2rem) * 2.095), 3rem);line-height:1\">PUBLIKATIONEN<\/h2>\n\n\n\n<p>Die auf der Website bereitgestellten Verwaltungsinformationen ersetzen nicht die gesetzliche Ver\u00f6ffentlichung von Gesetzen, Vorschriften, Pl\u00e4nen, allgemeinen Bestimmungen und Akten, die offiziell in den Amtsbl\u00e4ttern der \u00f6ffentlichen Verwaltungen ver\u00f6ffentlicht werden m\u00fcssen, die das einzige Instrument darstellen, das ihre Authentizit\u00e4t und ihren Inhalt belegt. Die auf dieser Website verf\u00fcgbaren Informationen sind als Leitfaden zu verstehen. <\/p>\n\n\n\n<h2 class=\"wp-block-heading has-custom-color-1-color has-text-color has-link-color has-retcaro-font-family wp-elements-faa0bcb7fc475bcb070aee156e99bb49\" style=\"font-size:clamp(1.743rem, 1.743rem + ((1vw - 0.2rem) * 2.095), 3rem);line-height:1\">ANWENDBARES RECHT UND GERICHTSBARKEIT<\/h2>\n\n\n\n<p>Diese Bedingungen unterliegen dem franz\u00f6sischen Recht oder werden in \u00dcbereinstimmung mit diesem ausgelegt, soweit sie nicht ausdr\u00fccklich festgelegt sind. Der EIGENT\u00dcMER DER WEBSITE und der NUTZER erkl\u00e4ren sich damit einverstanden, alle Streitigkeiten, die sich aus der Lieferung von Produkten oder Dienstleistungen ergeben, die diesen Bedingungen unterliegen, den Gerichten am Wohnort des NUTZERS zu unterbreiten. <\/p>\n\n\n\n<p>F\u00fcr den Fall, dass der Nutzer seinen Wohnsitz au\u00dferhalb Frankreichs hat, verzichten der EIGENT\u00dcMER DER WEBSITE und der Nutzer ausdr\u00fccklich auf jede andere Rechtsprechung und unterwerfen sich den Gerichten und Gerichtsh\u00f6fen am Wohnsitz des EIGENT\u00dcMERS DER WEBSITE.<\/p>\n\n\n\n<h2 class=\"wp-block-heading has-custom-color-1-color has-text-color has-link-color has-retcaro-font-family wp-elements-bff4025bbdbf225a657c07e828fdfa7e\" style=\"font-size:clamp(1.743rem, 1.743rem + ((1vw - 0.2rem) * 2.095), 3rem);line-height:1\">OMBUDSMANN<\/h2>\n\n\n\n<p>CM2C <br \/>14 rue Saint Jean <br \/>75017 Paris <br \/>@: cm2c@cm2c.net <br \/><a href=\"https:\/\/cm2c.net\/comment-nous-saisir.php\" target=\"_blank\" rel=\"noreferrer noopener nofollow\">https:\/\/cm2c.net\/comment-nous-saisir.php<\/a><\/p>\n\n\n\n<h2 class=\"wp-block-heading has-custom-color-1-color has-text-color has-link-color has-retcaro-font-family wp-elements-676e8683f41124b987b437dfa44004a2\" style=\"font-size:clamp(1.743rem, 1.743rem + ((1vw - 0.2rem) * 2.095), 3rem);line-height:1\">Realisierung<\/h2>\n\n\n\n<p><strong>GEEK TONIC<\/strong> Vertreten durch Herrn Yohan Darmayan in seiner Eigenschaft als Gesch\u00e4ftsf\u00fchrer <br \/>Gesch\u00e4ftssitz: 16 chemin de Sabalce 64100 Bayonne<br \/>Tel.: <a href=\"https:\/\/www.google.com\/search?q=geek+tonic&amp;sxsrf=ALiCzsb97zG2dngu-WqfTOdPG_O6pmDSPQ%3A1665557722642&amp;ei=2mRGY-_0JorhlwS4vpuoCA&amp;ved=0ahUKEwjvyaSDjtr6AhWK8IUKHTjfBoUQ4dUDCA4&amp;uact=5&amp;oq=geek+tonic&amp;gs_lcp=Cgdnd3Mtd2l6EAMyBAgjECcyCgguEMcBEK8BECcyBggAEBYQHjIGCAAQFhAeMgIIJjoKCAAQRxDWBBCwAzoNCAAQ5AIQ1gQQsAMYAToICAAQFhAeEA86CAgAEBYQHhAKOgUIABCABDoLCC4QgAQQxwEQ0QM6CggAEIAEEIcCEBQ6CggAEIAEEAoQywFKBAhNGAFKBAhBGABKBAhGGAFQ4wtYgh1gkyBoAnABeACAAawBiAHRBJIBAzUuMZgBAKABAcgBDcABAdoBBggBEAEYCQ&amp;sclient=gws-wiz#\">05 32 74 11 52<\/a> <br \/>E-mail: support@geek-tonic.com <br \/>Website: <a href=\"https:\/\/www.geek-tonic.com\/\" target=\"_blank\" rel=\"noreferrer noopener nofollow\">www.geek-tonic.com<\/a> <br \/>SIRET: 89746755100015<br \/>APE: 6201Z<\/p>\n\n\n\n<div style=\"height:100px\" aria-hidden=\"true\" class=\"wp-block-spacer gt-hide-mobile\"><\/div>\n<\/section>\n","protected":false},"excerpt":{"rendered":"<p>Impressum Dieses Impressum regelt die Nutzung der Website grand-cerf.geek-tonic.dev (im Folgenden: WEBSITE), die Eigentum von SARL LA CHALEYSSINOISE (im Folgenden: EIGENT\u00dcMER DER WEBSITE) ist. DER EIGENT\u00dcMER DER WEBSITE, in \u00dcbereinstimmung mit dem Gesetz 34\/2002 vom 11. Juli \u00fcber Dienstleistungen der Gesellschaft, Information und elektronischen Handel, informiert Sie \u00fcber Folgendes: Alle Mitteilungen und Kommunikationen zwischen den [&hellip;]<\/p>\n","protected":false},"author":1,"featured_media":3806,"parent":0,"menu_order":0,"comment_status":"closed","ping_status":"closed","template":"","meta":{"_seopress_robots_primary_cat":"","_seopress_titles_title":"Impressum","_seopress_titles_desc":"","_seopress_robots_index":"yes","_gt_ctv_global_id":"","_gt_ctv_id_group":false,"inline_featured_image":false,"gt_fse_maillage_image":"https:\/\/grand-cerf.geek-tonic.dev\/wp-content\/uploads\/2026\/04\/mentions-legales-camping-grand-cerf.jpg","gt_fse_maillage_titre":"Impressum","gt_fse_maillage_alt":"impressum Camping Grand Cerf","gt_fse_maillage_resume":"","footnotes":""},"categories":[],"tags":[],"class_list":["post-3805","page","type-page","status-publish","has-post-thumbnail","hentry"],"_links":{"self":[{"href":"https:\/\/grand-cerf.geek-tonic.dev\/de\/wp-json\/wp\/v2\/pages\/3805","targetHints":{"allow":["GET"]}}],"collection":[{"href":"https:\/\/grand-cerf.geek-tonic.dev\/de\/wp-json\/wp\/v2\/pages"}],"about":[{"href":"https:\/\/grand-cerf.geek-tonic.dev\/de\/wp-json\/wp\/v2\/types\/page"}],"author":[{"embeddable":true,"href":"https:\/\/grand-cerf.geek-tonic.dev\/de\/wp-json\/wp\/v2\/users\/1"}],"replies":[{"embeddable":true,"href":"https:\/\/grand-cerf.geek-tonic.dev\/de\/wp-json\/wp\/v2\/comments?post=3805"}],"version-history":[{"count":4,"href":"https:\/\/grand-cerf.geek-tonic.dev\/de\/wp-json\/wp\/v2\/pages\/3805\/revisions"}],"predecessor-version":[{"id":4384,"href":"https:\/\/grand-cerf.geek-tonic.dev\/de\/wp-json\/wp\/v2\/pages\/3805\/revisions\/4384"}],"wp:featuredmedia":[{"embeddable":true,"href":"https:\/\/grand-cerf.geek-tonic.dev\/de\/wp-json\/wp\/v2\/media\/3806"}],"wp:attachment":[{"href":"https:\/\/grand-cerf.geek-tonic.dev\/de\/wp-json\/wp\/v2\/media?parent=3805"}],"wp:term":[{"taxonomy":"category","embeddable":true,"href":"https:\/\/grand-cerf.geek-tonic.dev\/de\/wp-json\/wp\/v2\/categories?post=3805"},{"taxonomy":"post_tag","embeddable":true,"href":"https:\/\/grand-cerf.geek-tonic.dev\/de\/wp-json\/wp\/v2\/tags?post=3805"}],"curies":[{"name":"wp","href":"https:\/\/api.w.org\/{rel}","templated":true}]}}